{"id":10,"date":"2025-12-05T17:07:17","date_gmt":"2025-12-05T17:07:17","guid":{"rendered":"https:\/\/dendaoasis.rkinformatika.online\/?page_id=10"},"modified":"2025-12-16T16:59:57","modified_gmt":"2025-12-16T16:59:57","slug":"inicio","status":"publish","type":"page","link":"https:\/\/peluqueriacaninaoasis.com\/eu\/","title":{"rendered":"Hasiera"},"content":{"rendered":"<div data-elementor-type=\"wp-page\" data-elementor-id=\"10\" class=\"elementor elementor-10\" data-elementor-post-type=\"page\">\n\t\t\t\t<div class=\"elementor-element elementor-element-be9204c e-flex e-con-boxed e-con e-parent\" data-id=\"be9204c\" data-element_type=\"container\" data-e-type=\"container\" data-settings=\"{&quot;background_background&quot;:&quot;classic&quot;}\">\n\t\t\t\t\t<div class=\"e-con-inner\">\n\t\t\t\t<div class=\"elementor-element elementor-element-7ababd6 elementor-invisible elementor-widget elementor-widget-heading\" data-id=\"7ababd6\" data-element_type=\"widget\" data-e-type=\"widget\" data-settings=\"{&quot;_animation&quot;:&quot;fadeInLeft&quot;}\" data-widget_type=\"heading.default\">\n\t\t\t\t\t<h2 class=\"elementor-heading-title elementor-size-default\">Txakur bakoitza bakarra da<\/h2>\t\t\t\t<\/div>\n\t\t\t\t<div class=\"elementor-element elementor-element-129199a elementor-invisible elementor-widget elementor-widget-text-editor\" data-id=\"129199a\" data-element_type=\"widget\" data-e-type=\"widget\" data-settings=\"{&quot;_animation&quot;:&quot;fadeInUp&quot;}\" data-widget_type=\"text-editor.default\">\n\t\t\t\t\t\t\t\t\t<p>, eta bere zaintza ere bai.<\/p>\t\t\t\t\t\t\t\t<\/div>\n\t\t\t\t\t<\/div>\n\t\t\t\t<\/div>\n\t\t<div class=\"elementor-element elementor-element-252e36e e-flex e-con-boxed e-con e-parent\" data-id=\"252e36e\" data-element_type=\"container\" data-e-type=\"container\" data-settings=\"{&quot;background_background&quot;:&quot;classic&quot;}\">\n\t\t\t\t\t<div class=\"e-con-inner\">\n\t\t<div class=\"elementor-element elementor-element-d8a5718 e-con-full e-flex e-con e-child\" data-id=\"d8a5718\" data-element_type=\"container\" data-e-type=\"container\">\n\t\t\t\t<div class=\"elementor-element elementor-element-b16aee9 elementor-widget elementor-widget-heading\" data-id=\"b16aee9\" data-element_type=\"widget\" data-e-type=\"widget\" data-widget_type=\"heading.default\">\n\t\t\t\t\t<h2 class=\"elementor-heading-title elementor-size-default\">Guri Buruz\n<\/h2>\t\t\t\t<\/div>\n\t\t\t\t<div class=\"elementor-element elementor-element-e90df30 elementor-widget elementor-widget-text-editor\" data-id=\"e90df30\" data-element_type=\"widget\" data-e-type=\"widget\" data-widget_type=\"text-editor.default\">\n\t\t\t\t\t\t\t\t\t<p data-start=\"228\" data-end=\"472\">Canina Oasis ile-apaindegian zure lagunik onena zaintzen dugu, merezi duen bezala. Txakurren ongizatean, higienean eta estetikan espezializatutako txakurren ile-apaindegi bat gara, 20 urte baino gehiagoko esperientzia duena, Algortan (Bizkaia).<\/p><p data-start=\"474\" data-end=\"708\">Iletsu bakoitza prozesu osoan lasai, seguru eta eroso sentitzea da gure lehentasuna. Horregatik, beharrezkoak diren teknika guztiak aplikatzen ditugu, arraza, tamaina eta izaera bakoitzera egokituta, betiere pazientziaz, maitasunez eta errespetuz.s<\/p>\t\t\t\t\t\t\t\t<\/div>\n\t\t\t\t<div class=\"elementor-element elementor-element-7d99244 elementor-widget elementor-widget-button\" data-id=\"7d99244\" data-element_type=\"widget\" data-e-type=\"widget\" data-widget_type=\"button.default\">\n\t\t\t\t\t\t\t\t\t\t<a class=\"elementor-button elementor-button-link elementor-size-sm\" href=\"tel:%20604%2099%2035%2008\">\n\t\t\t\t\t\t<span class=\"elementor-button-content-wrapper\">\n\t\t\t\t\t\t\t\t\t<span class=\"elementor-button-text\">HITZORDUA ESKATU<\/span>\n\t\t\t\t\t<\/span>\n\t\t\t\t\t<\/a>\n\t\t\t\t\t\t\t\t<\/div>\n\t\t\t\t<\/div>\n\t\t<div class=\"elementor-element elementor-element-31a9f34 e-con-full e-flex e-con e-child\" data-id=\"31a9f34\" data-element_type=\"container\" data-e-type=\"container\">\n\t\t\t\t<div class=\"elementor-element elementor-element-8778719 elementor-widget elementor-widget-image\" data-id=\"8778719\" data-element_type=\"widget\" data-e-type=\"widget\" data-widget_type=\"image.default\">\n\t\t\t\t\t\t\t\t\t\t\t\t\t\t\t<img fetchpriority=\"high\" decoding=\"async\" width=\"800\" height=\"534\" src=\"https:\/\/peluqueriacaninaoasis.com\/wp-content\/uploads\/2025\/12\/3497-1024x683.jpg\" class=\"attachment-large size-large wp-image-167\" alt=\"\" srcset=\"https:\/\/peluqueriacaninaoasis.com\/wp-content\/uploads\/2025\/12\/3497-1024x683.jpg 1024w, https:\/\/peluqueriacaninaoasis.com\/wp-content\/uploads\/2025\/12\/3497-300x200.jpg 300w, https:\/\/peluqueriacaninaoasis.com\/wp-content\/uploads\/2025\/12\/3497-768x512.jpg 768w, https:\/\/peluqueriacaninaoasis.com\/wp-content\/uploads\/2025\/12\/3497-18x12.jpg 18w, https:\/\/peluqueriacaninaoasis.com\/wp-content\/uploads\/2025\/12\/3497.jpg 1500w\" sizes=\"(max-width: 800px) 100vw, 800px\" \/>\t\t\t\t\t\t\t\t\t\t\t\t\t\t\t<\/div>\n\t\t\t\t<\/div>\n\t\t\t\t\t<\/div>\n\t\t\t\t<\/div>\n\t\t<div class=\"elementor-element elementor-element-fdf5bc7 e-flex e-con-boxed e-con e-parent\" data-id=\"fdf5bc7\" data-element_type=\"container\" data-e-type=\"container\" data-settings=\"{&quot;background_background&quot;:&quot;classic&quot;}\">\n\t\t\t\t\t<div class=\"e-con-inner\">\n\t\t\t\t<div class=\"elementor-element elementor-element-a19a348 elementor-cta--skin-cover elementor-animated-content elementor-bg-transform elementor-bg-transform-zoom-in elementor-widget elementor-widget-call-to-action\" data-id=\"a19a348\" data-element_type=\"widget\" data-e-type=\"widget\" data-widget_type=\"call-to-action.default\">\n\t\t\t\t\t\t\t<div class=\"elementor-cta\">\n\t\t\t\t\t<div class=\"elementor-cta__bg-wrapper\">\n\t\t\t\t<div class=\"elementor-cta__bg elementor-bg\" style=\"background-image: url(https:\/\/peluqueriacaninaoasis.com\/wp-content\/uploads\/2025\/12\/44773.jpg);\" role=\"img\" aria-label=\"44773\"><\/div>\n\t\t\t\t<div class=\"elementor-cta__bg-overlay\"><\/div>\n\t\t\t<\/div>\n\t\t\t\t\t\t\t<div class=\"elementor-cta__content\">\n\t\t\t\t\n\t\t\t\t\t\t\t\t\t<h2 class=\"elementor-cta__title elementor-cta__content-item elementor-content-item elementor-animated-item--grow\">\n\t\t\t\t\t\tEsperientzia, maitasuna eta profesionaltasuna.\t\t\t\t\t<\/h2>\n\t\t\t\t\n\t\t\t\t\t\t\t\t\t<div class=\"elementor-cta__description elementor-cta__content-item elementor-content-item elementor-animated-item--grow\">\n\t\t\t\t\t\tGureak balira bezala zaintzen ditugu.\t\t\t\t\t<\/div>\n\t\t\t\t\n\t\t\t\t\t\t\t\t\t<div class=\"elementor-cta__button-wrapper elementor-cta__content-item elementor-content-item elementor-animated-item--grow\">\n\t\t\t\t\t<a class=\"elementor-cta__button elementor-button elementor-size-\" href=\"https:\/\/peluqueriacaninamonpel.com\/servicios\/\">\n\t\t\t\t\t\tZERBITZUAK\t\t\t\t\t<\/a>\n\t\t\t\t\t<\/div>\n\t\t\t\t\t\t\t<\/div>\n\t\t\t\t\t\t<\/div>\n\t\t\t\t\t\t<\/div>\n\t\t\t\t\t<\/div>\n\t\t\t\t<\/div>\n\t\t\t\t<\/div>","protected":false},"excerpt":{"rendered":"<p>Cada perro es \u00fanico y su cuidado tambi\u00e9n. Sobre Nosotros En Peluquer\u00eda Canina Oasis cuidamos de tu mejor amigo como se merece. Somos una peluquer\u00eda canina con m\u00e1s de 20 a\u00f1os de experiencia, ubicada en Algorta, Bizkaia, especializada en el bienestar, la higiene y la est\u00e9tica de los perros. Nuestra prioridad es que cada peludo [&hellip;]<\/p>\n","protected":false},"author":1,"featured_media":0,"parent":0,"menu_order":0,"comment_status":"closed","ping_status":"closed","template":"elementor_canvas","meta":{"footnotes":""},"class_list":["post-10","page","type-page","status-publish","hentry"],"yoast_head":"<!-- This site is optimized with the Yoast SEO plugin v27.4 - https:\/\/yoast.com\/product\/yoast-seo-wordpress\/ -->\n<title>Inicio - Peluquer\u00eda canina Oasis<\/title>\n<meta name=\"robots\" content=\"index, follow, max-snippet:-1, max-image-preview:large, max-video-preview:-1\" \/>\n<link rel=\"canonical\" href=\"https:\/\/peluqueriacaninaoasis.com\/eu\/\" \/>\n<meta property=\"og:locale\" content=\"en_US\" \/>\n<meta property=\"og:type\" content=\"article\" \/>\n<meta property=\"og:title\" content=\"Inicio - Peluquer\u00eda canina Oasis\" \/>\n<meta property=\"og:description\" content=\"Cada perro es \u00fanico y su cuidado tambi\u00e9n. Sobre Nosotros En Peluquer\u00eda Canina Oasis cuidamos de tu mejor amigo como se merece. Somos una peluquer\u00eda canina con m\u00e1s de 20 a\u00f1os de experiencia, ubicada en Algorta, Bizkaia, especializada en el bienestar, la higiene y la est\u00e9tica de los perros. Nuestra prioridad es que cada peludo [&hellip;]\" \/>\n<meta property=\"og:url\" content=\"https:\/\/peluqueriacaninaoasis.com\/eu\/\" \/>\n<meta property=\"og:site_name\" content=\"Peluquer\u00eda canina Oasis\" \/>\n<meta property=\"article:modified_time\" content=\"2025-12-16T16:59:57+00:00\" \/>\n<meta property=\"og:image\" content=\"https:\/\/peluqueriacaninaoasis.com\/wp-content\/uploads\/2025\/12\/3497-1024x683.jpg\" \/>\n<meta name=\"twitter:card\" content=\"summary_large_image\" \/>\n<meta name=\"twitter:label1\" content=\"Est. reading time\" \/>\n\t<meta name=\"twitter:data1\" content=\"1 minutua\" \/>\n<script type=\"application\/ld+json\" class=\"yoast-schema-graph\">{\"@context\":\"https:\\\/\\\/schema.org\",\"@graph\":[{\"@type\":\"WebPage\",\"@id\":\"https:\\\/\\\/peluqueriacaninaoasis.com\\\/\",\"url\":\"https:\\\/\\\/peluqueriacaninaoasis.com\\\/\",\"name\":\"Inicio - Peluquer\u00eda canina Oasis\",\"isPartOf\":{\"@id\":\"https:\\\/\\\/peluqueriacaninaoasis.com\\\/#website\"},\"primaryImageOfPage\":{\"@id\":\"https:\\\/\\\/peluqueriacaninaoasis.com\\\/#primaryimage\"},\"image\":{\"@id\":\"https:\\\/\\\/peluqueriacaninaoasis.com\\\/#primaryimage\"},\"thumbnailUrl\":\"https:\\\/\\\/peluqueriacaninaoasis.com\\\/wp-content\\\/uploads\\\/2025\\\/12\\\/3497-1024x683.jpg\",\"datePublished\":\"2025-12-05T17:07:17+00:00\",\"dateModified\":\"2025-12-16T16:59:57+00:00\",\"breadcrumb\":{\"@id\":\"https:\\\/\\\/peluqueriacaninaoasis.com\\\/#breadcrumb\"},\"inLanguage\":\"eu\",\"potentialAction\":[{\"@type\":\"ReadAction\",\"target\":[\"https:\\\/\\\/peluqueriacaninaoasis.com\\\/\"]}]},{\"@type\":\"ImageObject\",\"inLanguage\":\"eu\",\"@id\":\"https:\\\/\\\/peluqueriacaninaoasis.com\\\/#primaryimage\",\"url\":\"https:\\\/\\\/peluqueriacaninaoasis.com\\\/wp-content\\\/uploads\\\/2025\\\/12\\\/3497-1024x683.jpg\",\"contentUrl\":\"https:\\\/\\\/peluqueriacaninaoasis.com\\\/wp-content\\\/uploads\\\/2025\\\/12\\\/3497-1024x683.jpg\"},{\"@type\":\"BreadcrumbList\",\"@id\":\"https:\\\/\\\/peluqueriacaninaoasis.com\\\/#breadcrumb\",\"itemListElement\":[{\"@type\":\"ListItem\",\"position\":1,\"name\":\"Portada\",\"item\":\"https:\\\/\\\/peluqueriacaninaoasis.com\\\/\"},{\"@type\":\"ListItem\",\"position\":2,\"name\":\"Inicio\"}]},{\"@type\":\"WebSite\",\"@id\":\"https:\\\/\\\/peluqueriacaninaoasis.com\\\/#website\",\"url\":\"https:\\\/\\\/peluqueriacaninaoasis.com\\\/\",\"name\":\"Peluquer\u00eda canina Oasis\",\"description\":\"Peluquer\u00eda canina\",\"publisher\":{\"@id\":\"https:\\\/\\\/peluqueriacaninaoasis.com\\\/#organization\"},\"potentialAction\":[{\"@type\":\"SearchAction\",\"target\":{\"@type\":\"EntryPoint\",\"urlTemplate\":\"https:\\\/\\\/peluqueriacaninaoasis.com\\\/?s={search_term_string}\"},\"query-input\":{\"@type\":\"PropertyValueSpecification\",\"valueRequired\":true,\"valueName\":\"search_term_string\"}}],\"inLanguage\":\"eu\"},{\"@type\":\"Organization\",\"@id\":\"https:\\\/\\\/peluqueriacaninaoasis.com\\\/#organization\",\"name\":\"Peluquer\u00eda canina Oasis\",\"url\":\"https:\\\/\\\/peluqueriacaninaoasis.com\\\/\",\"logo\":{\"@type\":\"ImageObject\",\"inLanguage\":\"eu\",\"@id\":\"https:\\\/\\\/peluqueriacaninaoasis.com\\\/#\\\/schema\\\/logo\\\/image\\\/\",\"url\":\"https:\\\/\\\/peluqueriacaninaoasis.com\\\/wp-content\\\/uploads\\\/2025\\\/12\\\/cropped-16080180Y.jpeg\",\"contentUrl\":\"https:\\\/\\\/peluqueriacaninaoasis.com\\\/wp-content\\\/uploads\\\/2025\\\/12\\\/cropped-16080180Y.jpeg\",\"width\":1383,\"height\":538,\"caption\":\"Peluquer\u00eda canina Oasis\"},\"image\":{\"@id\":\"https:\\\/\\\/peluqueriacaninaoasis.com\\\/#\\\/schema\\\/logo\\\/image\\\/\"}}]}<\/script>\n<!-- \/ Yoast SEO plugin. -->","yoast_head_json":{"title":"Inicio - Peluquer\u00eda canina Oasis","robots":{"index":"index","follow":"follow","max-snippet":"max-snippet:-1","max-image-preview":"max-image-preview:large","max-video-preview":"max-video-preview:-1"},"canonical":"https:\/\/peluqueriacaninaoasis.com\/eu\/","og_locale":"en_US","og_type":"article","og_title":"Inicio - Peluquer\u00eda canina Oasis","og_description":"Cada perro es \u00fanico y su cuidado tambi\u00e9n. Sobre Nosotros En Peluquer\u00eda Canina Oasis cuidamos de tu mejor amigo como se merece. Somos una peluquer\u00eda canina con m\u00e1s de 20 a\u00f1os de experiencia, ubicada en Algorta, Bizkaia, especializada en el bienestar, la higiene y la est\u00e9tica de los perros. Nuestra prioridad es que cada peludo [&hellip;]","og_url":"https:\/\/peluqueriacaninaoasis.com\/eu\/","og_site_name":"Peluquer\u00eda canina Oasis","article_modified_time":"2025-12-16T16:59:57+00:00","og_image":[{"url":"https:\/\/peluqueriacaninaoasis.com\/wp-content\/uploads\/2025\/12\/3497-1024x683.jpg","type":"","width":"","height":""}],"twitter_card":"summary_large_image","twitter_misc":{"Est. reading time":"1 minutua"},"schema":{"@context":"https:\/\/schema.org","@graph":[{"@type":"WebPage","@id":"https:\/\/peluqueriacaninaoasis.com\/","url":"https:\/\/peluqueriacaninaoasis.com\/","name":"Inicio - Peluquer\u00eda canina Oasis","isPartOf":{"@id":"https:\/\/peluqueriacaninaoasis.com\/#website"},"primaryImageOfPage":{"@id":"https:\/\/peluqueriacaninaoasis.com\/#primaryimage"},"image":{"@id":"https:\/\/peluqueriacaninaoasis.com\/#primaryimage"},"thumbnailUrl":"https:\/\/peluqueriacaninaoasis.com\/wp-content\/uploads\/2025\/12\/3497-1024x683.jpg","datePublished":"2025-12-05T17:07:17+00:00","dateModified":"2025-12-16T16:59:57+00:00","breadcrumb":{"@id":"https:\/\/peluqueriacaninaoasis.com\/#breadcrumb"},"inLanguage":"eu","potentialAction":[{"@type":"ReadAction","target":["https:\/\/peluqueriacaninaoasis.com\/"]}]},{"@type":"ImageObject","inLanguage":"eu","@id":"https:\/\/peluqueriacaninaoasis.com\/#primaryimage","url":"https:\/\/peluqueriacaninaoasis.com\/wp-content\/uploads\/2025\/12\/3497-1024x683.jpg","contentUrl":"https:\/\/peluqueriacaninaoasis.com\/wp-content\/uploads\/2025\/12\/3497-1024x683.jpg"},{"@type":"BreadcrumbList","@id":"https:\/\/peluqueriacaninaoasis.com\/#breadcrumb","itemListElement":[{"@type":"ListItem","position":1,"name":"Portada","item":"https:\/\/peluqueriacaninaoasis.com\/"},{"@type":"ListItem","position":2,"name":"Inicio"}]},{"@type":"WebSite","@id":"https:\/\/peluqueriacaninaoasis.com\/#website","url":"https:\/\/peluqueriacaninaoasis.com\/","name":"Peluquer\u00eda canina Oasis","description":"Peluquer\u00eda canina","publisher":{"@id":"https:\/\/peluqueriacaninaoasis.com\/#organization"},"potentialAction":[{"@type":"SearchAction","target":{"@type":"EntryPoint","urlTemplate":"https:\/\/peluqueriacaninaoasis.com\/?s={search_term_string}"},"query-input":{"@type":"PropertyValueSpecification","valueRequired":true,"valueName":"search_term_string"}}],"inLanguage":"eu"},{"@type":"Organization","@id":"https:\/\/peluqueriacaninaoasis.com\/#organization","name":"Peluquer\u00eda canina Oasis","url":"https:\/\/peluqueriacaninaoasis.com\/","logo":{"@type":"ImageObject","inLanguage":"eu","@id":"https:\/\/peluqueriacaninaoasis.com\/#\/schema\/logo\/image\/","url":"https:\/\/peluqueriacaninaoasis.com\/wp-content\/uploads\/2025\/12\/cropped-16080180Y.jpeg","contentUrl":"https:\/\/peluqueriacaninaoasis.com\/wp-content\/uploads\/2025\/12\/cropped-16080180Y.jpeg","width":1383,"height":538,"caption":"Peluquer\u00eda canina Oasis"},"image":{"@id":"https:\/\/peluqueriacaninaoasis.com\/#\/schema\/logo\/image\/"}}]}},"_links":{"self":[{"href":"https:\/\/peluqueriacaninaoasis.com\/eu\/wp-json\/wp\/v2\/pages\/10","targetHints":{"allow":["GET"]}}],"collection":[{"href":"https:\/\/peluqueriacaninaoasis.com\/eu\/wp-json\/wp\/v2\/pages"}],"about":[{"href":"https:\/\/peluqueriacaninaoasis.com\/eu\/wp-json\/wp\/v2\/types\/page"}],"author":[{"embeddable":true,"href":"https:\/\/peluqueriacaninaoasis.com\/eu\/wp-json\/wp\/v2\/users\/1"}],"replies":[{"embeddable":true,"href":"https:\/\/peluqueriacaninaoasis.com\/eu\/wp-json\/wp\/v2\/comments?post=10"}],"version-history":[{"count":82,"href":"https:\/\/peluqueriacaninaoasis.com\/eu\/wp-json\/wp\/v2\/pages\/10\/revisions"}],"predecessor-version":[{"id":264,"href":"https:\/\/peluqueriacaninaoasis.com\/eu\/wp-json\/wp\/v2\/pages\/10\/revisions\/264"}],"wp:attachment":[{"href":"https:\/\/peluqueriacaninaoasis.com\/eu\/wp-json\/wp\/v2\/media?parent=10"}],"curies":[{"name":"wp","href":"https:\/\/api.w.org\/{rel}","templated":true}]}}