{"id":13,"date":"2025-12-05T17:08:09","date_gmt":"2025-12-05T17:08:09","guid":{"rendered":"https:\/\/dendaoasis.rkinformatika.online\/?page_id=13"},"modified":"2025-12-16T16:58:27","modified_gmt":"2025-12-16T16:58:27","slug":"servicios","status":"publish","type":"page","link":"https:\/\/peluqueriacaninaoasis.com\/eu\/servicios\/","title":{"rendered":"Zerbitzuak"},"content":{"rendered":"<div data-elementor-type=\"wp-page\" data-elementor-id=\"13\" class=\"elementor elementor-13\" data-elementor-post-type=\"page\">\n\t\t\t\t<div class=\"elementor-element elementor-element-01dd408 e-flex e-con-boxed e-con e-parent\" data-id=\"01dd408\" data-element_type=\"container\" data-e-type=\"container\" data-settings=\"{&quot;background_background&quot;:&quot;classic&quot;}\">\n\t\t\t\t\t<div class=\"e-con-inner\">\n\t\t\t\t<div class=\"elementor-element elementor-element-caa8aee elementor-invisible elementor-widget elementor-widget-heading\" data-id=\"caa8aee\" data-element_type=\"widget\" data-e-type=\"widget\" data-settings=\"{&quot;_animation&quot;:&quot;fadeInLeft&quot;}\" data-widget_type=\"heading.default\">\n\t\t\t\t\t<h2 class=\"elementor-heading-title elementor-size-default\">Experiencia, cari\u00f1o<\/h2>\t\t\t\t<\/div>\n\t\t\t\t<div class=\"elementor-element elementor-element-72b6ac8 elementor-invisible elementor-widget elementor-widget-text-editor\" data-id=\"72b6ac8\" data-element_type=\"widget\" data-e-type=\"widget\" data-settings=\"{&quot;_animation&quot;:&quot;fadeInUp&quot;}\" data-widget_type=\"text-editor.default\">\n\t\t\t\t\t\t\t\t\t<p>y profesionalidad.<\/p>\t\t\t\t\t\t\t\t<\/div>\n\t\t\t\t\t<\/div>\n\t\t\t\t<\/div>\n\t\t<div class=\"elementor-element elementor-element-f75e9c4 e-flex e-con-boxed e-con e-parent\" data-id=\"f75e9c4\" data-element_type=\"container\" data-e-type=\"container\">\n\t\t\t\t\t<div class=\"e-con-inner\">\n\t\t<div class=\"elementor-element elementor-element-61ccc8d e-con-full e-flex e-con e-child\" data-id=\"61ccc8d\" data-element_type=\"container\" data-e-type=\"container\">\n\t\t\t\t<div class=\"elementor-element elementor-element-252243d elementor-widget elementor-widget-heading\" data-id=\"252243d\" data-element_type=\"widget\" data-e-type=\"widget\" data-widget_type=\"heading.default\">\n\t\t\t\t\t<h2 class=\"elementor-heading-title elementor-size-default\">Ba\u00f1o y corte adaptado a cada raza<\/h2>\t\t\t\t<\/div>\n\t\t\t\t<div class=\"elementor-element elementor-element-2a9cbf2 elementor-widget elementor-widget-text-editor\" data-id=\"2a9cbf2\" data-element_type=\"widget\" data-e-type=\"widget\" data-widget_type=\"text-editor.default\">\n\t\t\t\t\t\t\t\t\t<p>Utilizamos productos de alta calidad y t\u00e9cnicas espec\u00edficas seg\u00fan la raza, tipo de pelo y estado de la piel, garantizando limpieza, suavidad y un acabado natural.<\/p>\t\t\t\t\t\t\t\t<\/div>\n\t\t\t\t<\/div>\n\t\t<div class=\"elementor-element elementor-element-2dcce8e e-con-full e-flex e-con e-child\" data-id=\"2dcce8e\" data-element_type=\"container\" data-e-type=\"container\">\n\t\t\t\t<div class=\"elementor-element elementor-element-61250f0 elementor-widget elementor-widget-heading\" data-id=\"61250f0\" data-element_type=\"widget\" data-e-type=\"widget\" data-widget_type=\"heading.default\">\n\t\t\t\t\t<h2 class=\"elementor-heading-title elementor-size-default\">Corte a tijera y m\u00e1quina<\/h2>\t\t\t\t<\/div>\n\t\t\t\t<div class=\"elementor-element elementor-element-62e2e25 elementor-widget elementor-widget-text-editor\" data-id=\"62e2e25\" data-element_type=\"widget\" data-e-type=\"widget\" data-widget_type=\"text-editor.default\">\n\t\t\t\t\t\t\t\t\t<p>Realizamos cortes profesionales a tijera y m\u00e1quina, respetando el est\u00e1ndar de cada raza o las preferencias del propietario, siempre buscando comodidad y estilo.<\/p>\t\t\t\t\t\t\t\t<\/div>\n\t\t\t\t<\/div>\n\t\t\t\t\t<\/div>\n\t\t\t\t<\/div>\n\t\t<div class=\"elementor-element elementor-element-9d20e73 e-flex e-con-boxed e-con e-parent\" data-id=\"9d20e73\" data-element_type=\"container\" data-e-type=\"container\">\n\t\t\t\t\t<div class=\"e-con-inner\">\n\t\t<div class=\"elementor-element elementor-element-bc1ae5d e-con-full e-flex e-con e-child\" data-id=\"bc1ae5d\" data-element_type=\"container\" data-e-type=\"container\">\n\t\t\t\t<div class=\"elementor-element elementor-element-3e09ae3 elementor-widget elementor-widget-heading\" data-id=\"3e09ae3\" data-element_type=\"widget\" data-e-type=\"widget\" data-widget_type=\"heading.default\">\n\t\t\t\t\t<h2 class=\"elementor-heading-title elementor-size-default\">Deslanado y stripping<\/h2>\t\t\t\t<\/div>\n\t\t\t\t<div class=\"elementor-element elementor-element-0e5b871 elementor-widget elementor-widget-text-editor\" data-id=\"0e5b871\" data-element_type=\"widget\" data-e-type=\"widget\" data-widget_type=\"text-editor.default\">\n\t\t\t\t\t\t\t\t\t<p data-start=\"774\" data-end=\"918\">Eliminamos el pelo muerto de forma segura y eficaz, favoreciendo la correcta ventilaci\u00f3n de la piel y mejorando la salud y el aspecto del manto.<\/p>\t\t\t\t\t\t\t\t<\/div>\n\t\t\t\t<\/div>\n\t\t<div class=\"elementor-element elementor-element-82cdb36 e-con-full e-flex e-con e-child\" data-id=\"82cdb36\" data-element_type=\"container\" data-e-type=\"container\">\n\t\t\t\t<div class=\"elementor-element elementor-element-bf6a4e6 elementor-widget elementor-widget-heading\" data-id=\"bf6a4e6\" data-element_type=\"widget\" data-e-type=\"widget\" data-widget_type=\"heading.default\">\n\t\t\t\t\t<h2 class=\"elementor-heading-title elementor-size-default\">Arreglo higi\u00e9nico<\/h2>\t\t\t\t<\/div>\n\t\t\t\t<div class=\"elementor-element elementor-element-f561eb9 elementor-widget elementor-widget-text-editor\" data-id=\"f561eb9\" data-element_type=\"widget\" data-e-type=\"widget\" data-widget_type=\"text-editor.default\">\n\t\t\t\t\t\t\t\t\t<p>Incluye limpieza y recorte en zonas sensibles como ojos, orejas, patas y zona \u00edntima, manteniendo a tu perro limpio y c\u00f3modo en su d\u00eda a d\u00eda.<\/p>\t\t\t\t\t\t\t\t<\/div>\n\t\t\t\t<\/div>\n\t\t\t\t\t<\/div>\n\t\t\t\t<\/div>\n\t\t<div class=\"elementor-element elementor-element-4affa7b e-flex e-con-boxed e-con e-parent\" data-id=\"4affa7b\" data-element_type=\"container\" data-e-type=\"container\">\n\t\t\t\t\t<div class=\"e-con-inner\">\n\t\t<div class=\"elementor-element elementor-element-12ffa93 e-con-full e-flex e-con e-child\" data-id=\"12ffa93\" data-element_type=\"container\" data-e-type=\"container\">\n\t\t\t\t<div class=\"elementor-element elementor-element-c392b13 elementor-widget elementor-widget-heading\" data-id=\"c392b13\" data-element_type=\"widget\" data-e-type=\"widget\" data-widget_type=\"heading.default\">\n\t\t\t\t\t<h2 class=\"elementor-heading-title elementor-size-default\">Corte de u\u00f1as y limpieza de o\u00eddos<\/h2>\t\t\t\t<\/div>\n\t\t\t\t<div class=\"elementor-element elementor-element-6e10177 elementor-widget elementor-widget-text-editor\" data-id=\"6e10177\" data-element_type=\"widget\" data-e-type=\"widget\" data-widget_type=\"text-editor.default\">\n\t\t\t\t\t\t\t\t\t<p data-start=\"774\" data-end=\"918\">Un cuidado esencial para la salud del perro, realizado con delicadeza para evitar molestias y prevenir problemas futuros.<\/p>\t\t\t\t\t\t\t\t<\/div>\n\t\t\t\t<\/div>\n\t\t<div class=\"elementor-element elementor-element-d508a2f e-con-full e-flex e-con e-child\" data-id=\"d508a2f\" data-element_type=\"container\" data-e-type=\"container\">\n\t\t\t\t<div class=\"elementor-element elementor-element-9c25844 elementor-widget elementor-widget-heading\" data-id=\"9c25844\" data-element_type=\"widget\" data-e-type=\"widget\" data-widget_type=\"heading.default\">\n\t\t\t\t\t<h2 class=\"elementor-heading-title elementor-size-default\">Tratamientos espec\u00edficos para piel y pelo<\/h2>\t\t\t\t<\/div>\n\t\t\t\t<div class=\"elementor-element elementor-element-db300f2 elementor-widget elementor-widget-text-editor\" data-id=\"db300f2\" data-element_type=\"widget\" data-e-type=\"widget\" data-widget_type=\"text-editor.default\">\n\t\t\t\t\t\t\t\t\t<p>Tratamientos personalizados para pieles sensibles, secas o con problemas, as\u00ed como cuidados especiales para mejorar la textura y el brillo del pelaje.<\/p>\t\t\t\t\t\t\t\t<\/div>\n\t\t\t\t<\/div>\n\t\t\t\t\t<\/div>\n\t\t\t\t<\/div>\n\t\t<div class=\"elementor-element elementor-element-4b6777a e-flex e-con-boxed e-con e-parent\" data-id=\"4b6777a\" data-element_type=\"container\" data-e-type=\"container\" data-settings=\"{&quot;background_background&quot;:&quot;classic&quot;}\">\n\t\t\t\t\t<div class=\"e-con-inner\">\n\t\t\t\t<div class=\"elementor-element elementor-element-4c1fe5c elementor-cta--skin-cover elementor-animated-content elementor-bg-transform elementor-bg-transform-zoom-in elementor-widget elementor-widget-call-to-action\" data-id=\"4c1fe5c\" data-element_type=\"widget\" data-e-type=\"widget\" data-widget_type=\"call-to-action.default\">\n\t\t\t\t\t\t\t<div class=\"elementor-cta\">\n\t\t\t\t\t<div class=\"elementor-cta__bg-wrapper\">\n\t\t\t\t<div class=\"elementor-cta__bg elementor-bg\" style=\"background-image: url(https:\/\/peluqueriacaninaoasis.com\/wp-content\/uploads\/2025\/12\/44773.jpg);\" role=\"img\" aria-label=\"44773\"><\/div>\n\t\t\t\t<div class=\"elementor-cta__bg-overlay\"><\/div>\n\t\t\t<\/div>\n\t\t\t\t\t\t\t<div class=\"elementor-cta__content\">\n\t\t\t\t\n\t\t\t\t\t\t\t\t\t<h2 class=\"elementor-cta__title elementor-cta__content-item elementor-content-item elementor-animated-item--grow\">\n\t\t\t\t\t\tTu perro se merece lo mejor.\t\t\t\t\t<\/h2>\n\t\t\t\t\n\t\t\t\t\t\t\t\t\t<div class=\"elementor-cta__description elementor-cta__content-item elementor-content-item elementor-animated-item--grow\">\n\t\t\t\t\t\tNo dudes en preguntar, estamos aqu\u00ed para el bienestar de tu mejor amigo.\t\t\t\t\t<\/div>\n\t\t\t\t\n\t\t\t\t\t\t\t\t\t<div class=\"elementor-cta__button-wrapper elementor-cta__content-item elementor-content-item elementor-animated-item--grow\">\n\t\t\t\t\t<a class=\"elementor-cta__button elementor-button elementor-size-\" href=\"https:\/\/peluqueriacaninaoasis.com\/eu\/contacto\/\">\n\t\t\t\t\t\tCONTACTO\t\t\t\t\t<\/a>\n\t\t\t\t\t<\/div>\n\t\t\t\t\t\t\t<\/div>\n\t\t\t\t\t\t<\/div>\n\t\t\t\t\t\t<\/div>\n\t\t\t\t\t<\/div>\n\t\t\t\t<\/div>\n\t\t\t\t<\/div>","protected":false},"excerpt":{"rendered":"<p>Experiencia, cari\u00f1o y profesionalidad. Ba\u00f1o y corte adaptado a cada raza Utilizamos productos de alta calidad y t\u00e9cnicas espec\u00edficas seg\u00fan la raza, tipo de pelo y estado de la piel, garantizando limpieza, suavidad y un acabado natural. Corte a tijera y m\u00e1quina Realizamos cortes profesionales a tijera y m\u00e1quina, respetando el est\u00e1ndar de cada raza [&hellip;]<\/p>\n","protected":false},"author":1,"featured_media":0,"parent":0,"menu_order":0,"comment_status":"closed","ping_status":"closed","template":"elementor_canvas","meta":{"footnotes":""},"class_list":["post-13","page","type-page","status-publish","hentry"],"yoast_head":"<!-- This site is optimized with the Yoast SEO plugin v27.4 - https:\/\/yoast.com\/product\/yoast-seo-wordpress\/ -->\n<title>Servicios - Peluquer\u00eda canina Oasis<\/title>\n<meta name=\"robots\" content=\"index, follow, max-snippet:-1, max-image-preview:large, max-video-preview:-1\" \/>\n<link rel=\"canonical\" href=\"https:\/\/peluqueriacaninaoasis.com\/eu\/servicios\/\" \/>\n<meta property=\"og:locale\" content=\"en_US\" \/>\n<meta property=\"og:type\" content=\"article\" \/>\n<meta property=\"og:title\" content=\"Servicios - Peluquer\u00eda canina Oasis\" \/>\n<meta property=\"og:description\" content=\"Experiencia, cari\u00f1o y profesionalidad. Ba\u00f1o y corte adaptado a cada raza Utilizamos productos de alta calidad y t\u00e9cnicas espec\u00edficas seg\u00fan la raza, tipo de pelo y estado de la piel, garantizando limpieza, suavidad y un acabado natural. Corte a tijera y m\u00e1quina Realizamos cortes profesionales a tijera y m\u00e1quina, respetando el est\u00e1ndar de cada raza [&hellip;]\" \/>\n<meta property=\"og:url\" content=\"https:\/\/peluqueriacaninaoasis.com\/eu\/servicios\/\" \/>\n<meta property=\"og:site_name\" content=\"Peluquer\u00eda canina Oasis\" \/>\n<meta property=\"article:modified_time\" content=\"2025-12-16T16:58:27+00:00\" \/>\n<meta name=\"twitter:card\" content=\"summary_large_image\" \/>\n<meta name=\"twitter:label1\" content=\"Est. reading time\" \/>\n\t<meta name=\"twitter:data1\" content=\"1 minutua\" \/>\n<script type=\"application\/ld+json\" class=\"yoast-schema-graph\">{\"@context\":\"https:\\\/\\\/schema.org\",\"@graph\":[{\"@type\":\"WebPage\",\"@id\":\"https:\\\/\\\/peluqueriacaninaoasis.com\\\/servicios\\\/\",\"url\":\"https:\\\/\\\/peluqueriacaninaoasis.com\\\/servicios\\\/\",\"name\":\"Servicios - Peluquer\u00eda canina Oasis\",\"isPartOf\":{\"@id\":\"https:\\\/\\\/peluqueriacaninaoasis.com\\\/#website\"},\"datePublished\":\"2025-12-05T17:08:09+00:00\",\"dateModified\":\"2025-12-16T16:58:27+00:00\",\"breadcrumb\":{\"@id\":\"https:\\\/\\\/peluqueriacaninaoasis.com\\\/servicios\\\/#breadcrumb\"},\"inLanguage\":\"eu\",\"potentialAction\":[{\"@type\":\"ReadAction\",\"target\":[\"https:\\\/\\\/peluqueriacaninaoasis.com\\\/servicios\\\/\"]}]},{\"@type\":\"BreadcrumbList\",\"@id\":\"https:\\\/\\\/peluqueriacaninaoasis.com\\\/servicios\\\/#breadcrumb\",\"itemListElement\":[{\"@type\":\"ListItem\",\"position\":1,\"name\":\"Portada\",\"item\":\"https:\\\/\\\/peluqueriacaninaoasis.com\\\/\"},{\"@type\":\"ListItem\",\"position\":2,\"name\":\"Servicios\"}]},{\"@type\":\"WebSite\",\"@id\":\"https:\\\/\\\/peluqueriacaninaoasis.com\\\/#website\",\"url\":\"https:\\\/\\\/peluqueriacaninaoasis.com\\\/\",\"name\":\"Peluquer\u00eda canina Oasis\",\"description\":\"Peluquer\u00eda canina\",\"publisher\":{\"@id\":\"https:\\\/\\\/peluqueriacaninaoasis.com\\\/#organization\"},\"potentialAction\":[{\"@type\":\"SearchAction\",\"target\":{\"@type\":\"EntryPoint\",\"urlTemplate\":\"https:\\\/\\\/peluqueriacaninaoasis.com\\\/?s={search_term_string}\"},\"query-input\":{\"@type\":\"PropertyValueSpecification\",\"valueRequired\":true,\"valueName\":\"search_term_string\"}}],\"inLanguage\":\"eu\"},{\"@type\":\"Organization\",\"@id\":\"https:\\\/\\\/peluqueriacaninaoasis.com\\\/#organization\",\"name\":\"Peluquer\u00eda canina Oasis\",\"url\":\"https:\\\/\\\/peluqueriacaninaoasis.com\\\/\",\"logo\":{\"@type\":\"ImageObject\",\"inLanguage\":\"eu\",\"@id\":\"https:\\\/\\\/peluqueriacaninaoasis.com\\\/#\\\/schema\\\/logo\\\/image\\\/\",\"url\":\"https:\\\/\\\/peluqueriacaninaoasis.com\\\/wp-content\\\/uploads\\\/2025\\\/12\\\/cropped-16080180Y.jpeg\",\"contentUrl\":\"https:\\\/\\\/peluqueriacaninaoasis.com\\\/wp-content\\\/uploads\\\/2025\\\/12\\\/cropped-16080180Y.jpeg\",\"width\":1383,\"height\":538,\"caption\":\"Peluquer\u00eda canina Oasis\"},\"image\":{\"@id\":\"https:\\\/\\\/peluqueriacaninaoasis.com\\\/#\\\/schema\\\/logo\\\/image\\\/\"}}]}<\/script>\n<!-- \/ Yoast SEO plugin. -->","yoast_head_json":{"title":"Servicios - Peluquer\u00eda canina Oasis","robots":{"index":"index","follow":"follow","max-snippet":"max-snippet:-1","max-image-preview":"max-image-preview:large","max-video-preview":"max-video-preview:-1"},"canonical":"https:\/\/peluqueriacaninaoasis.com\/eu\/servicios\/","og_locale":"en_US","og_type":"article","og_title":"Servicios - Peluquer\u00eda canina Oasis","og_description":"Experiencia, cari\u00f1o y profesionalidad. Ba\u00f1o y corte adaptado a cada raza Utilizamos productos de alta calidad y t\u00e9cnicas espec\u00edficas seg\u00fan la raza, tipo de pelo y estado de la piel, garantizando limpieza, suavidad y un acabado natural. Corte a tijera y m\u00e1quina Realizamos cortes profesionales a tijera y m\u00e1quina, respetando el est\u00e1ndar de cada raza [&hellip;]","og_url":"https:\/\/peluqueriacaninaoasis.com\/eu\/servicios\/","og_site_name":"Peluquer\u00eda canina Oasis","article_modified_time":"2025-12-16T16:58:27+00:00","twitter_card":"summary_large_image","twitter_misc":{"Est. reading time":"1 minutua"},"schema":{"@context":"https:\/\/schema.org","@graph":[{"@type":"WebPage","@id":"https:\/\/peluqueriacaninaoasis.com\/servicios\/","url":"https:\/\/peluqueriacaninaoasis.com\/servicios\/","name":"Servicios - Peluquer\u00eda canina Oasis","isPartOf":{"@id":"https:\/\/peluqueriacaninaoasis.com\/#website"},"datePublished":"2025-12-05T17:08:09+00:00","dateModified":"2025-12-16T16:58:27+00:00","breadcrumb":{"@id":"https:\/\/peluqueriacaninaoasis.com\/servicios\/#breadcrumb"},"inLanguage":"eu","potentialAction":[{"@type":"ReadAction","target":["https:\/\/peluqueriacaninaoasis.com\/servicios\/"]}]},{"@type":"BreadcrumbList","@id":"https:\/\/peluqueriacaninaoasis.com\/servicios\/#breadcrumb","itemListElement":[{"@type":"ListItem","position":1,"name":"Portada","item":"https:\/\/peluqueriacaninaoasis.com\/"},{"@type":"ListItem","position":2,"name":"Servicios"}]},{"@type":"WebSite","@id":"https:\/\/peluqueriacaninaoasis.com\/#website","url":"https:\/\/peluqueriacaninaoasis.com\/","name":"Peluquer\u00eda canina Oasis","description":"Peluquer\u00eda canina","publisher":{"@id":"https:\/\/peluqueriacaninaoasis.com\/#organization"},"potentialAction":[{"@type":"SearchAction","target":{"@type":"EntryPoint","urlTemplate":"https:\/\/peluqueriacaninaoasis.com\/?s={search_term_string}"},"query-input":{"@type":"PropertyValueSpecification","valueRequired":true,"valueName":"search_term_string"}}],"inLanguage":"eu"},{"@type":"Organization","@id":"https:\/\/peluqueriacaninaoasis.com\/#organization","name":"Peluquer\u00eda canina Oasis","url":"https:\/\/peluqueriacaninaoasis.com\/","logo":{"@type":"ImageObject","inLanguage":"eu","@id":"https:\/\/peluqueriacaninaoasis.com\/#\/schema\/logo\/image\/","url":"https:\/\/peluqueriacaninaoasis.com\/wp-content\/uploads\/2025\/12\/cropped-16080180Y.jpeg","contentUrl":"https:\/\/peluqueriacaninaoasis.com\/wp-content\/uploads\/2025\/12\/cropped-16080180Y.jpeg","width":1383,"height":538,"caption":"Peluquer\u00eda canina Oasis"},"image":{"@id":"https:\/\/peluqueriacaninaoasis.com\/#\/schema\/logo\/image\/"}}]}},"_links":{"self":[{"href":"https:\/\/peluqueriacaninaoasis.com\/eu\/wp-json\/wp\/v2\/pages\/13","targetHints":{"allow":["GET"]}}],"collection":[{"href":"https:\/\/peluqueriacaninaoasis.com\/eu\/wp-json\/wp\/v2\/pages"}],"about":[{"href":"https:\/\/peluqueriacaninaoasis.com\/eu\/wp-json\/wp\/v2\/types\/page"}],"author":[{"embeddable":true,"href":"https:\/\/peluqueriacaninaoasis.com\/eu\/wp-json\/wp\/v2\/users\/1"}],"replies":[{"embeddable":true,"href":"https:\/\/peluqueriacaninaoasis.com\/eu\/wp-json\/wp\/v2\/comments?post=13"}],"version-history":[{"count":55,"href":"https:\/\/peluqueriacaninaoasis.com\/eu\/wp-json\/wp\/v2\/pages\/13\/revisions"}],"predecessor-version":[{"id":258,"href":"https:\/\/peluqueriacaninaoasis.com\/eu\/wp-json\/wp\/v2\/pages\/13\/revisions\/258"}],"wp:attachment":[{"href":"https:\/\/peluqueriacaninaoasis.com\/eu\/wp-json\/wp\/v2\/media?parent=13"}],"curies":[{"name":"wp","href":"https:\/\/api.w.org\/{rel}","templated":true}]}}